{"id":170,"date":"2019-11-26T18:56:46","date_gmt":"2019-11-26T18:56:46","guid":{"rendered":"http:\/\/test.praxis-maeder.de\/?page_id=170"},"modified":"2025-03-26T12:25:45","modified_gmt":"2025-03-26T12:25:45","slug":"impressum","status":"publish","type":"page","link":"https:\/\/praxis-maeder.de\/?page_id=170","title":{"rendered":"IMPRESSUM"},"content":{"rendered":"\n<p class=\"has-very-dark-gray-color has-text-color\" style=\"font-size:18px\">  <br>Verantwortlich f\u00fcr den Inhalt dieser Seiten nach \u00a75 TMG:<br> <br>Hausarztpraxis Martin M\u00e4der<br><strong>Martin M\u00e4der<\/strong><br>An der K\u00e4bnitz 4<br>01936 K\u00f6nigsbr\u00fcck<br>Telefon: +49-(0)35795-28 97 28<br><br>E-Mail: <a href=\"mailto:praxis@praxis-maeder.de\">praxis@praxis-maeder.de<\/a><br>  <br><strong>Berufsbezeichnung:<\/strong><br>Arzt (Facharzt f\u00fcr Innere Medizin), verliehen in der Bundesrepublik Deutschland<br><br><strong>Zust\u00e4ndige Landes\u00e4rztekammer:<\/strong><br><a rel=\"noreferrer noopener\" href=\"http:\/\/www.slaek.de\/\" target=\"_blank\">S\u00e4chsische Landes\u00e4rztekammer<\/a>, Sch\u00fctzenh\u00f6he 16, 01099 Dresden<br><br><strong>Zust\u00e4ndige kassen\u00e4rztliche Vereinigung (Aufsichtsbeh\u00f6rde):<\/strong><br><a rel=\"noreferrer noopener\" href=\"http:\/\/www.kvs-sachsen.de\/\" target=\"_blank\">Kassen\u00e4rztliche Vereinigung Sachsen<\/a>, Sch\u00fctzenh\u00f6he 12, 01099 Dresden<br><br><strong>Berufsrechtliche Regelungen:<\/strong><br><a rel=\"noreferrer noopener\" aria-label=\"Berufsordnung der S\u00e4chsischen Landes\u00e4rztekammer  (\u00f6ffnet in neuem Tab)\" href=\"https:\/\/www.slaek.de\/de\/05\/aufgaben\/Berufsordnung.php\" target=\"_blank\">Berufsordnung der S\u00e4chsischen Landes\u00e4rztekammer <\/a><br><a rel=\"noreferrer noopener\" aria-label=\"S\u00e4chsisches Heilberufekammergesetz (S\u00e4chsHKaG) (\u00f6ffnet in neuem Tab)\" href=\"https:\/\/www.revosax.sachsen.de\/vorschrift\/3941\" target=\"_blank\">S\u00e4chsisches Heilberufekammergesetz (S\u00e4chsHKaG)<\/a> \u2013 Gesetz \u00fcber Berufsaus\u00fcbung, Berufsvertretungen und Berufsgerichtsbarkeit der \u00c4rzte, Zahn\u00e4rzte, Tier\u00e4rzte und Apotheker im Freistaat Sachsen<\/p>\n\n\n\n<p style=\"font-size:18px\"><strong>Haftungshinweis:<\/strong><br>Trotz sorgf\u00e4ltiger inhaltlicher Kontrolle \u00fcbernehmen wir keine Haftung f\u00fcr die Inhalte externer Links. F\u00fcr den Inhalt der  verlinkten Seiten sind ausschlie\u00dflich deren Betreiber verantwortlich. <\/p>\n","protected":false},"excerpt":{"rendered":"<p>Verantwortlich f\u00fcr den Inhalt dieser Seiten nach \u00a75 TMG: Hausarztpraxis Martin M\u00e4derMartin M\u00e4derAn der K\u00e4bnitz 401936 K\u00f6nigsbr\u00fcckTelefon: +49-(0)35795-28 97 28 E-Mail: praxis@praxis-maeder.de Berufsbezeichnung:Arzt (Facharzt f\u00fcr Innere Medizin), verliehen in der Bundesrepublik Deutschland Zust\u00e4ndige Landes\u00e4rztekammer:S\u00e4chsische Landes\u00e4rztekammer, Sch\u00fctzenh\u00f6he 16, 01099 Dresden Zust\u00e4ndige kassen\u00e4rztliche Vereinigung (Aufsichtsbeh\u00f6rde):Kassen\u00e4rztliche Vereinigung Sachsen, Sch\u00fctzenh\u00f6he 12, 01099 Dresden Berufsrechtliche Regelungen:Berufsordnung der S\u00e4chsischen Landes\u00e4rztekammer S\u00e4chsisches&#8230;<\/p>\n","protected":false},"author":1,"featured_media":0,"parent":0,"menu_order":0,"comment_status":"closed","ping_status":"closed","template":"","meta":{"footnotes":""},"class_list":["post-170","page","type-page","status-publish","hentry"],"_links":{"self":[{"href":"https:\/\/praxis-maeder.de\/index.php?rest_route=\/wp\/v2\/pages\/170","targetHints":{"allow":["GET"]}}],"collection":[{"href":"https:\/\/praxis-maeder.de\/index.php?rest_route=\/wp\/v2\/pages"}],"about":[{"href":"https:\/\/praxis-maeder.de\/index.php?rest_route=\/wp\/v2\/types\/page"}],"author":[{"embeddable":true,"href":"https:\/\/praxis-maeder.de\/index.php?rest_route=\/wp\/v2\/users\/1"}],"replies":[{"embeddable":true,"href":"https:\/\/praxis-maeder.de\/index.php?rest_route=%2Fwp%2Fv2%2Fcomments&post=170"}],"version-history":[{"count":11,"href":"https:\/\/praxis-maeder.de\/index.php?rest_route=\/wp\/v2\/pages\/170\/revisions"}],"predecessor-version":[{"id":1760,"href":"https:\/\/praxis-maeder.de\/index.php?rest_route=\/wp\/v2\/pages\/170\/revisions\/1760"}],"wp:attachment":[{"href":"https:\/\/praxis-maeder.de\/index.php?rest_route=%2Fwp%2Fv2%2Fmedia&parent=170"}],"curies":[{"name":"wp","href":"https:\/\/api.w.org\/{rel}","templated":true}]}}