{"id":467,"date":"2020-03-28T16:09:53","date_gmt":"2020-03-28T16:09:53","guid":{"rendered":"https:\/\/praxis-maeder.de\/?page_id=467"},"modified":"2020-03-28T16:14:27","modified_gmt":"2020-03-28T16:14:27","slug":"ultraschall-sonographie-halsgefaesse","status":"publish","type":"page","link":"https:\/\/praxis-maeder.de\/?page_id=467","title":{"rendered":"Ultraschall\/Sonographie der Halsgef\u00e4\u00dfe"},"content":{"rendered":"\n<p>Bei dieser Untersuchung, auch <strong>Carotis-Sonographie<\/strong> oder Ultraschall der hirnversorgenden Gef\u00e4\u00dfe genannt, messen wir mit einem hochaufl\u00f6senden Ultraschallger\u00e4t die Dicke der inneren Gef\u00e4\u00dfwand in den Halsgef\u00e4\u00dfen. Au\u00dferdem &#8211; falls Ablagerungen bestehen \u2013 messen wir auch die Dicke dieser Ablagerungen.  <br><br><strong>Hier Antworten auf h\u00e4ufige Fragen zum Thema (FAQs): <\/strong> <br><br><strong>Wer sollte diese Untersuchung machen lassen?<\/strong><br><br>+ Wir raten dazu, dass jeder ab 18. Jahre im Rahmen seines ersten Check-ups diese Untersuchung macht.  <br>+ Danach mit 25 und dann alle 5 Jahre.  <br>+ Bei bereits bestehenden Ablagerungen legen wir individuell mit Ihnen Intervalle von 3 bis 6 Jahren fest. <br><br><strong>Wer ist besonders pr\u00e4destiniert (gef\u00e4hrdet) f\u00fcr Gef\u00e4\u00dfablagerungen?<\/strong><br><br> Patienten mit: <br>+ \u00dcbergewicht <br>+ hohem Blutdruck. <br>+ Diabetes <br>+ Nikotinkonsum\/Rauchen <br>+ hohen Fett- und Cholesterinwerten <br>+ hohen Lp(a)-oder Homocystein-Werten im Blut. (IGeL) <br>+ famili\u00e4rer Veranlagung  <br><br><strong>Wozu sollte ich die Gef\u00e4\u00dfw\u00e4nde und eventuelle Ablagerungen vermessen lassen?<\/strong><br><br>Aus dem Zustand der Gef\u00e4\u00dfe lassen sich R\u00fcckschl\u00fcsse auf die Neigung zur Arteriosklerose ziehen. Dadurch ist er ein hilfreicher Parameter zur Beurteilung Ihres Risikos, einen Herz- oder Hirninfarkt zu bekommen.  <br>Dieses Risiko kann durch allgemeine und medikament\u00f6se Ma\u00dfnahmen gesenkt werden. Hier spielen insbesondere die Senkung eines erh\u00f6hten Cholesterin- und\/oder Blutzuckerspiegels eine Rolle, ebenso eine gute Blutdruckeinstellung.   <br>Ohne solche Ablagerungen ist das Risiko f\u00fcr Herzinfarkt &amp; Co. gering, sodass dann i. d. R. auf eine Cholesterinsenkung verzichtet werden kann. Der Vorteil der Untersuchung ist der rechtzeitige, pass- und zielgenaue Einsatz von Medikamenten &#8211; die Vermeidung unn\u00f6tiger Medikamenten-Einnahme.  <br><br>Nach ca. 2 bis 4 Jahren einer guten Behandlung ist oft schon eine R\u00fcckbildung der Ablagerungen zu beobachten.  <br>Im Laufe unserer \u00fcber 15-j\u00e4hrigen Erfahrung mit dieser Methode haben wir beobachtet, dass bei konsequenter Kontrolle der Ablagerungen und Anpassung der Zielwerte des Cholesterinspiegels kaum noch Herzinfarkte bei den Patienten vorkommen, die an diesem Vorsorgeprogramm teilnehmen.  <br>  <br><strong>Kardiologen bieten oft die \u201eCarotis-Duplexsonographie\u201c kostenlos an. Welchen Vorteil bietet dann noch die kostenpflichtige Carotis-Sonographie?<\/strong><br><br>Die Carotis-Duplexsonographie dient als Kassenleistung zur Bestimmung des Verengungsgrades der Gef\u00e4\u00dfe, wenn diese z. B. Verengungsger\u00e4usche (Str\u00f6mungsger\u00e4usche) aufweisen.  <br>Engstellen in den Gef\u00e4\u00dfen sind KEIN FR\u00dcHSTADIUM der Arteriosklerose und m\u00fcssen je nach Verengungsgrad ggf. aufgeweitet oder operiert werden.  <br>In der Carotis-Duplexsonographie wird meist nicht die Dicke der Ablagerungen bestimmt. Zur <strong>Fr\u00fch<\/strong>erkennung der Arteriosklerose ist sie ungeeignet.   <br> <br><strong>Warum gibt es nur wenige Studien zum Nutzen der Carotissonographie in der Fr\u00fcherkennung?<\/strong><br><br>Wir gehen davon aus, dass Studien, die eventuell zu einer passgenaueren Anwendung von Medikamenten sind und unter Umst\u00e4nden zu einem geringeren Verbrauch f\u00fchren, nicht gerne von der Pharmaindustrie durchgef\u00fchrt werden.  <br> Eine unkritische Verabreichung von Cholesterinsenkern nur nach berechnetem \u201eRisiko\u201c ohne konkretes Hinschauen auf die individuelle Gef\u00e4\u00dfsituation ist sicherlich f\u00fcr die Pharmaindustrie lukrativer.  <br>Staatlich finanzierte Pr\u00e4ventionsstudien zum Nutzen von Fr\u00fcherkennungsuntersuchungen und passgenauen Anwendungen von Medikamenten sind in unserem Gesundheitswesen nicht vorgesehen.  <\/p>\n\n\n\n<p><a href=\"https:\/\/praxis-maeder.de\/?page_id=56#vorghg\">zur\u00fcck<\/a><\/p>\n","protected":false},"excerpt":{"rendered":"<p>Bei dieser Untersuchung, auch Carotis-Sonographie oder Ultraschall der hirnversorgenden Gef\u00e4\u00dfe genannt, messen wir mit einem hochaufl\u00f6senden Ultraschallger\u00e4t die Dicke der inneren Gef\u00e4\u00dfwand in den Halsgef\u00e4\u00dfen. Au\u00dferdem &#8211; falls Ablagerungen bestehen \u2013 messen wir auch die Dicke dieser Ablagerungen. Hier Antworten auf h\u00e4ufige Fragen zum Thema (FAQs): Wer sollte diese Untersuchung machen lassen? + Wir raten&#8230;<\/p>\n","protected":false},"author":1,"featured_media":0,"parent":0,"menu_order":0,"comment_status":"closed","ping_status":"closed","template":"","meta":{"footnotes":""},"class_list":["post-467","page","type-page","status-publish","hentry"],"_links":{"self":[{"href":"https:\/\/praxis-maeder.de\/index.php?rest_route=\/wp\/v2\/pages\/467","targetHints":{"allow":["GET"]}}],"collection":[{"href":"https:\/\/praxis-maeder.de\/index.php?rest_route=\/wp\/v2\/pages"}],"about":[{"href":"https:\/\/praxis-maeder.de\/index.php?rest_route=\/wp\/v2\/types\/page"}],"author":[{"embeddable":true,"href":"https:\/\/praxis-maeder.de\/index.php?rest_route=\/wp\/v2\/users\/1"}],"replies":[{"embeddable":true,"href":"https:\/\/praxis-maeder.de\/index.php?rest_route=%2Fwp%2Fv2%2Fcomments&post=467"}],"version-history":[{"count":3,"href":"https:\/\/praxis-maeder.de\/index.php?rest_route=\/wp\/v2\/pages\/467\/revisions"}],"predecessor-version":[{"id":471,"href":"https:\/\/praxis-maeder.de\/index.php?rest_route=\/wp\/v2\/pages\/467\/revisions\/471"}],"wp:attachment":[{"href":"https:\/\/praxis-maeder.de\/index.php?rest_route=%2Fwp%2Fv2%2Fmedia&parent=467"}],"curies":[{"name":"wp","href":"https:\/\/api.w.org\/{rel}","templated":true}]}}